{"id":317,"date":"2024-07-25T10:52:46","date_gmt":"2024-07-25T10:52:46","guid":{"rendered":"http:\/\/www.innio.biz\/formacion-y-mentorias\/"},"modified":"2024-10-15T11:43:56","modified_gmt":"2024-10-15T11:43:56","slug":"formacio-i-mentoring-empresarial","status":"publish","type":"page","link":"https:\/\/www.innio.biz\/ca\/formacio-i-mentoring-empresarial\/","title":{"rendered":"Formaci\u00f3 i mentoring"},"content":{"rendered":"<p><div class=\"fusion-fullwidth fullwidth-box fusion-builder-row-1 fusion-flex-container has-pattern-background has-mask-background nonhundred-percent-fullwidth non-hundred-percent-height-scrolling\" style=\"--awb-border-radius-top-left:0px;--awb-border-radius-top-right:0px;--awb-border-radius-bottom-right:0px;--awb-border-radius-bottom-left:0px;--awb-padding-top:2%;--awb-padding-bottom:2%;--awb-flex-wrap:wrap;\" ><div class=\"fusion-builder-row fusion-row fusion-flex-align-items-center fusion-flex-content-wrap\" style=\"max-width:1248px;margin-left: calc(-4% \/ 2 );margin-right: calc(-4% \/ 2 );\"><div class=\"fusion-layout-column fusion_builder_column fusion-builder-column-0 fusion_builder_column_1_2 1_2 fusion-flex-column\" style=\"--awb-bg-size:cover;--awb-width-large:50%;--awb-margin-top-large:0px;--awb-spacing-right-large:3.84%;--awb-margin-bottom-large:20px;--awb-spacing-left-large:3.84%;--awb-width-medium:50%;--awb-order-medium:0;--awb-spacing-right-medium:3.84%;--awb-spacing-left-medium:3.84%;--awb-width-small:100%;--awb-order-small:0;--awb-spacing-right-small:1.92%;--awb-spacing-left-small:1.92%;\"><div class=\"fusion-column-wrapper fusion-column-has-shadow fusion-flex-justify-content-flex-start fusion-content-layout-column\"><div class=\"fusion-image-element \" style=\"--awb-caption-title-font-family:var(--h2_typography-font-family);--awb-caption-title-font-weight:var(--h2_typography-font-weight);--awb-caption-title-font-style:var(--h2_typography-font-style);--awb-caption-title-size:var(--h2_typography-font-size);--awb-caption-title-transform:var(--h2_typography-text-transform);--awb-caption-title-line-height:var(--h2_typography-line-height);--awb-caption-title-letter-spacing:var(--h2_typography-letter-spacing);\"><span class=\" fusion-imageframe imageframe-none imageframe-1 hover-type-none\"><img decoding=\"async\" width=\"700\" height=\"800\" title=\"innio-formacion-mentoria-1\" src=\"https:\/\/www.innio.biz\/wp-content\/uploads\/2024\/10\/innio.biz-7.jpeg\" data-orig-src=\"https:\/\/www.innio.biz\/wp-content\/uploads\/2024\/10\/innio.biz-7.jpeg\" alt class=\"lazyload img-responsive wp-image-254\" srcset=\"data:image\/svg+xml,%3Csvg%20xmlns%3D%27http%3A%2F%2Fwww.w3.org%2F2000%2Fsvg%27%20width%3D%27700%27%20height%3D%27800%27%20viewBox%3D%270%200%20700%20800%27%3E%3Crect%20width%3D%27700%27%20height%3D%27800%27%20fill-opacity%3D%220%22%2F%3E%3C%2Fsvg%3E\" data-srcset=\"https:\/\/www.innio.biz\/wp-content\/uploads\/2024\/10\/innio.biz-7-200x229.jpeg 200w, https:\/\/www.innio.biz\/wp-content\/uploads\/2024\/10\/innio.biz-7-400x457.jpeg 400w, https:\/\/www.innio.biz\/wp-content\/uploads\/2024\/10\/innio.biz-7-600x686.jpeg 600w, https:\/\/www.innio.biz\/wp-content\/uploads\/2024\/10\/innio.biz-7.jpeg 700w\" data-sizes=\"auto\" data-orig-sizes=\"(max-width: 640px) 100vw, 600px\" \/><\/span><\/div><\/div><\/div><div class=\"fusion-layout-column fusion_builder_column fusion-builder-column-1 fusion_builder_column_1_2 1_2 fusion-flex-column\" style=\"--awb-bg-size:cover;--awb-width-large:50%;--awb-margin-top-large:0px;--awb-spacing-right-large:3.84%;--awb-margin-bottom-large:20px;--awb-spacing-left-large:3.84%;--awb-width-medium:50%;--awb-order-medium:0;--awb-spacing-right-medium:3.84%;--awb-spacing-left-medium:3.84%;--awb-width-small:100%;--awb-order-small:0;--awb-spacing-right-small:1.92%;--awb-spacing-left-small:1.92%;\"><div class=\"fusion-column-wrapper fusion-column-has-shadow fusion-flex-justify-content-flex-start fusion-content-layout-column\"><div class=\"fusion-title title fusion-title-1 fusion-sep-none fusion-title-text fusion-title-size-two\" style=\"--awb-margin-top-small:10px;--awb-margin-right-small:0px;--awb-margin-bottom-small:10px;--awb-margin-left-small:0px;\"><h2 class=\"fusion-title-heading title-heading-left\" style=\"margin:0;\">Oferim programes de formaci\u00f3 i mentoria personalitzats i adaptats a les teves necessitats<\/h2><\/div><div class=\"fusion-text fusion-text-1\"><p>A Innio estem especialitzats en oferir formaci\u00f3 i mentoring per a empreses i emprenedors amb l\u2019objectiu d\u2019extreure tot el potencial possible als projectes i als seus equips. En el context actual, en qu\u00e8 tot canvia a gran velocitat, \u00e9s imprescindible mantenir-se al dia de les eines, tend\u00e8ncies i novetats existents per no perdre competitivitat i oportunitats de negoci.<\/p>\n<p>Formar-se cont\u00ednuament s\u2019ha convertit en una obligaci\u00f3 i des d\u2019Innio et podem oferir un programa formatiu a mida, que s\u2019ajusti a les necessitats de la teva empresa en mat\u00e8ria de gesti\u00f3 de talent, captaci\u00f3 de nous clients, diferenciaci\u00f3 davant la compet\u00e8ncia, comunicaci\u00f3 comercial o creaci\u00f3 de valor en la venda.<\/p>\n<p>Les empreses es veuen immerses en processos de presa de decisions constants, en elaboracions d\u2019estrat\u00e8gies empresarials i en accions comercials per aconseguir incrementar la seva base de clients. En moltes ocasions, comptar amb un mentor que les acompanyi i les gui\u00ef en aquestes situacions resulta molt benefici\u00f3s per a elles. Des d\u2019Innio podem actuar com aquesta figura de mentor o consultos que us acompanya en la presa de decisions.<\/p>\n<\/div><\/div><\/div><\/div><\/div><div class=\"fusion-fullwidth fullwidth-box fusion-builder-row-2 fusion-flex-container has-pattern-background has-mask-background nonhundred-percent-fullwidth non-hundred-percent-height-scrolling\" style=\"--awb-border-radius-top-left:0px;--awb-border-radius-top-right:0px;--awb-border-radius-bottom-right:0px;--awb-border-radius-bottom-left:0px;--awb-padding-top:2%;--awb-padding-bottom:2%;--awb-background-color:rgba(25,51,79,0.1);--awb-flex-wrap:wrap;\" ><div class=\"fusion-builder-row fusion-row fusion-flex-align-items-flex-start fusion-flex-content-wrap\" style=\"max-width:1248px;margin-left: calc(-4% \/ 2 );margin-right: calc(-4% \/ 2 );\"><div class=\"fusion-layout-column fusion_builder_column fusion-builder-column-2 fusion_builder_column_2_5 2_5 fusion-flex-column\" style=\"--awb-bg-size:cover;--awb-width-large:40%;--awb-margin-top-large:0px;--awb-spacing-right-large:4.8%;--awb-margin-bottom-large:20px;--awb-spacing-left-large:4.8%;--awb-width-medium:40%;--awb-order-medium:0;--awb-spacing-right-medium:4.8%;--awb-spacing-left-medium:4.8%;--awb-width-small:100%;--awb-order-small:0;--awb-spacing-right-small:1.92%;--awb-spacing-left-small:1.92%;\"><div class=\"fusion-column-wrapper fusion-column-has-shadow fusion-flex-justify-content-flex-start fusion-content-layout-column\"><div class=\"fusion-title title fusion-title-2 fusion-sep-none fusion-title-text fusion-title-size-three\" style=\"--awb-text-color:var(--awb-color8);--awb-margin-top-small:10px;--awb-margin-right-small:0px;--awb-margin-bottom-small:10px;--awb-margin-left-small:0px;\"><h3 class=\"fusion-title-heading title-heading-left\" style=\"margin:0;\">La formaci\u00f3 \u00e9s la pedra angular en molts processos empresarials<\/h3><\/div><div ><a class=\"fusion-button button-flat fusion-button-default-size button-default fusion-button-default button-1 fusion-button-default-span fusion-button-default-type\" style=\"--button-border-radius-top-left:25px;--button-border-radius-top-right:25px;--button-border-radius-bottom-right:25px;--button-border-radius-bottom-left:25px;\" target=\"_self\" href=\"https:\/\/www.innio.biz\/ca\/contacte\/\"><span class=\"fusion-button-text awb-button__text awb-button__text--default\">Empieza hoy tu formaci\u00f3n<\/span><\/a><\/div><\/div><\/div><div class=\"fusion-layout-column fusion_builder_column fusion-builder-column-3 fusion_builder_column_3_5 3_5 fusion-flex-column\" style=\"--awb-bg-size:cover;--awb-width-large:60%;--awb-margin-top-large:0px;--awb-spacing-right-large:3.2%;--awb-margin-bottom-large:20px;--awb-spacing-left-large:3.2%;--awb-width-medium:60%;--awb-order-medium:0;--awb-spacing-right-medium:3.2%;--awb-spacing-left-medium:3.2%;--awb-width-small:100%;--awb-order-small:0;--awb-spacing-right-small:1.92%;--awb-spacing-left-small:1.92%;\"><div class=\"fusion-column-wrapper fusion-column-has-shadow fusion-flex-justify-content-flex-start fusion-content-layout-column\"><div class=\"fusion-text fusion-text-2\"><p>Queden enrere aquells temps en qu\u00e8 no era necessari estar-se formant permanentment i en qu\u00e8 quatre formacions b\u00e0siques generals servien per a tothom. Avui en dia, la majoria d\u2019empreses i emprenedors s\u2019enfronten a una compet\u00e8ncia severa i comptar amb aquells coneixements que els poden aportar un avantatge competitiu \u00e9s essencial.<\/p>\n<p>Per aquest motiu, moltes empreses aposten per una formaci\u00f3 personalitzada, que posa el focus en aquells \u00e0mbits o aspectes que poden ser m\u00e9s decisius per a ells. Per aquest motiu, a Innio oferim programes de formaci\u00f3 a mida.<\/p>\n<p>I qu\u00e8 significa aix\u00f2? En primer lloc, realitzem un an\u00e0lisi global de l\u2019estat de l\u2019empresa i del seu equip. Quan detectem aquells aspectes en qu\u00e8 hi ha marge de millora, preparem formacions a mida que permetin precisament potenciar aquelles aptituds, coneixements o habilitats.<\/p>\n<p>Oferim formacions molt diverses, que van des de l\u2019\u00e0mbit de la gesti\u00f3 de persones i talent fins a l\u2019\u00e0mbit de la gesti\u00f3 comercial o les estrat\u00e8gies comunicatives i comercials, passant per la gesti\u00f3 de conflictes.<\/p>\n<\/div><\/div><\/div><\/div><\/div><div class=\"fusion-fullwidth fullwidth-box fusion-builder-row-3 fusion-flex-container has-pattern-background has-mask-background nonhundred-percent-fullwidth non-hundred-percent-height-scrolling\" style=\"--awb-border-radius-top-left:0px;--awb-border-radius-top-right:0px;--awb-border-radius-bottom-right:0px;--awb-border-radius-bottom-left:0px;--awb-padding-top:2%;--awb-padding-bottom:2%;--awb-flex-wrap:wrap;\" ><div class=\"fusion-builder-row fusion-row fusion-flex-align-items-flex-start fusion-flex-content-wrap\" style=\"max-width:1248px;margin-left: calc(-4% \/ 2 );margin-right: calc(-4% \/ 2 );\"><div class=\"fusion-layout-column fusion_builder_column fusion-builder-column-4 fusion_builder_column_3_5 3_5 fusion-flex-column\" style=\"--awb-padding-top:10%;--awb-padding-right:10%;--awb-padding-bottom:10%;--awb-bg-size:cover;--awb-width-large:60%;--awb-margin-top-large:0px;--awb-spacing-right-large:3.2%;--awb-margin-bottom-large:20px;--awb-spacing-left-large:3.2%;--awb-width-medium:60%;--awb-order-medium:0;--awb-spacing-right-medium:3.2%;--awb-spacing-left-medium:3.2%;--awb-width-small:100%;--awb-order-small:0;--awb-spacing-right-small:1.92%;--awb-spacing-left-small:1.92%;\"><div class=\"fusion-column-wrapper fusion-column-has-shadow fusion-flex-justify-content-flex-start fusion-content-layout-column\"><div class=\"fusion-title title fusion-title-3 fusion-sep-none fusion-title-text fusion-title-size-three\" style=\"--awb-text-color:var(--awb-color5);--awb-margin-top-small:10px;--awb-margin-right-small:0px;--awb-margin-bottom-small:10px;--awb-margin-left-small:0px;\"><h3 class=\"fusion-title-heading title-heading-left\" style=\"margin:0;\">Trenquem els motlles de les formacions convencionals<\/h3><\/div><div class=\"fusion-text fusion-text-3\"><p>Les formacions t\u00edpiques en qu\u00e8 el docent parla sense parar durant una hora i mitja i els alumnes es limiten a prendre apunts no s\u00f3n de l\u2019estil d\u2019Innio. Nosaltres apostem per una formaci\u00f3 en la qual la interacci\u00f3 i la participaci\u00f3 dels alumnes sigui el fil conductor durant la sessi\u00f3. La pr\u00e0ctica, els exemples i les din\u00e0miques en petits grups tenen un pes fonamental en les formacions d\u2019Innio.<\/p>\n<p>A m\u00e9s a m\u00e9s, al tractar-se de formacions a mida, adaptades a les necessitats reals de les empreses, podem proposar exercicis pr\u00e0ctics que simulen situacions que poden formar part del dia a dia dels participants.<\/p>\n<\/div><\/div><\/div><div class=\"fusion-layout-column fusion_builder_column fusion-builder-column-5 fusion_builder_column_2_5 2_5 fusion-flex-column fusion-flex-align-self-stretch\" style=\"--awb-bg-size:cover;--awb-width-large:40%;--awb-margin-top-large:0px;--awb-spacing-right-large:4.8%;--awb-margin-bottom-large:20px;--awb-spacing-left-large:4.8%;--awb-width-medium:40%;--awb-order-medium:0;--awb-spacing-right-medium:4.8%;--awb-spacing-left-medium:4.8%;--awb-width-small:100%;--awb-order-small:0;--awb-spacing-right-small:1.92%;--awb-spacing-left-small:1.92%;\"><div class=\"fusion-column-wrapper lazyload fusion-column-has-shadow fusion-flex-justify-content-flex-start fusion-content-layout-column fusion-empty-column-bg-image fusion-column-has-bg-image\" data-bg-url=\"https:\/\/www.innio.biz\/wp-content\/uploads\/2024\/10\/innio.biz-8.jpeg\" data-bg=\"https:\/\/www.innio.biz\/wp-content\/uploads\/2024\/10\/innio.biz-8.jpeg\"><img decoding=\"async\" class=\"fusion-empty-dims-img-placeholder\" aria-label=\"innio-formacion-mentoria-0\" src=\"data:image\/svg+xml,%3Csvg%20xmlns%3D%27http%3A%2F%2Fwww.w3.org%2F2000%2Fsvg%27%20width%3D%27700%27%20height%3D%27800%27%20viewBox%3D%270%200%20700%20800%27%3E%3Crect%20width%3D%27700%27%20height%3D%27800%27%20fill-opacity%3D%220%22%2F%3E%3C%2Fsvg%3E\"><\/div><\/div><\/div><\/div><div class=\"fusion-fullwidth fullwidth-box fusion-builder-row-4 fusion-flex-container has-pattern-background has-mask-background nonhundred-percent-fullwidth non-hundred-percent-height-scrolling\" style=\"--awb-border-radius-top-left:0px;--awb-border-radius-top-right:0px;--awb-border-radius-bottom-right:0px;--awb-border-radius-bottom-left:0px;--awb-padding-top:2%;--awb-padding-bottom:2%;--awb-background-color:rgba(101,184,145,0.1);--awb-flex-wrap:wrap;\" ><div class=\"fusion-builder-row fusion-row fusion-flex-align-items-flex-start fusion-flex-content-wrap\" style=\"max-width:1248px;margin-left: calc(-4% \/ 2 );margin-right: calc(-4% \/ 2 );\"><div class=\"fusion-layout-column fusion_builder_column fusion-builder-column-6 fusion_builder_column_1_1 1_1 fusion-flex-column\" style=\"--awb-bg-size:cover;--awb-width-large:100%;--awb-margin-top-large:0px;--awb-spacing-right-large:1.92%;--awb-margin-bottom-large:20px;--awb-spacing-left-large:1.92%;--awb-width-medium:100%;--awb-order-medium:0;--awb-spacing-right-medium:1.92%;--awb-spacing-left-medium:1.92%;--awb-width-small:100%;--awb-order-small:0;--awb-spacing-right-small:1.92%;--awb-spacing-left-small:1.92%;\"><div class=\"fusion-column-wrapper fusion-column-has-shadow fusion-flex-justify-content-flex-start fusion-content-layout-column\"><div class=\"fusion-title title fusion-title-4 fusion-sep-none fusion-title-text fusion-title-size-three\" style=\"--awb-text-color:var(--awb-color5);--awb-margin-right:50%;--awb-margin-top-small:10px;--awb-margin-right-small:0px;--awb-margin-bottom-small:10px;--awb-margin-left-small:0px;\"><h3 class=\"fusion-title-heading title-heading-left\" style=\"margin:0;\">El potencial de la mentor\u00eda en los procesos de toma de decisiones<\/h3><\/div><div class=\"fusion-text fusion-text-4\"><p>La mentoria o mentoring \u00e9s un procediment a trav\u00e9s del qual les empreses o emprenedors compten amb l\u2019ajuda, l\u2019acompanyament o el guiatge d\u2019una persona externa a la seva empresa que t\u00e9 un bagatge de coneixements i experi\u00e8ncia en entorns empresarials molt diferents que li poden ser de gran ajuda i utilitat a l\u2019hora de prendre les pr\u00f2pies decisions.<\/p>\n<p>En els processos de mentoria des d\u2019Innio ajudem les empreses i emprenedors a explorar tot el seu potencial. Els plantegem preguntes, q\u00fcestions i possibles escenaris que els convides a reflexionar sobre quins objectius volen aconseguir, amb quines eines pretenen fer-ho i quins possibles escenaris es dibuixarien en funci\u00f3 de les decisions preses.<\/p>\n<p>A Innio comptem amb una dilatada experi\u00e8ncia acompanyant empreses i emprenedors d\u2019\u00e0mbits molt diferents. Aix\u00f2 ens permet comptar amb una visi\u00f3 molt m\u00e9s \u00e0mplia i global que pot ser molt \u00fatil a aquells que esperen que els ajudem. Som capa\u00e7os de guiar les empreses en la presa de decisions estrat\u00e8giques i en la planificaci\u00f3 d\u2019accions comunicatives, estrat\u00e8gies comercials, gesti\u00f3 de situacions de crisi i consolidaci\u00f3 d\u2019equips.<\/p>\n<\/div><\/div><\/div><\/div><\/div><div class=\"fusion-fullwidth fullwidth-box fusion-builder-row-5 fusion-flex-container has-pattern-background has-mask-background hundred-percent-fullwidth non-hundred-percent-height-scrolling\" style=\"--awb-border-radius-top-left:0px;--awb-border-radius-top-right:0px;--awb-border-radius-bottom-right:0px;--awb-border-radius-bottom-left:0px;--awb-padding-top:0%;--awb-padding-bottom:0%;--awb-padding-left:0%;--awb-background-color:var(--awb-color8);--awb-flex-wrap:wrap;\" ><div class=\"fusion-builder-row fusion-row fusion-flex-align-items-center fusion-flex-content-wrap\" style=\"width:104% !important;max-width:104% !important;margin-left: calc(-4% \/ 2 );margin-right: calc(-4% \/ 2 );\"><div class=\"fusion-layout-column fusion_builder_column fusion-builder-column-7 fusion_builder_column_2_5 2_5 fusion-flex-column fusion-flex-align-self-stretch\" style=\"--awb-bg-size:cover;--awb-width-large:40%;--awb-margin-top-large:0px;--awb-spacing-right-large:4.8%;--awb-margin-bottom-large:0px;--awb-spacing-left-large:4.8%;--awb-width-medium:40%;--awb-order-medium:0;--awb-spacing-right-medium:4.8%;--awb-spacing-left-medium:4.8%;--awb-width-small:100%;--awb-order-small:0;--awb-spacing-right-small:1.92%;--awb-spacing-left-small:1.92%;\"><div class=\"fusion-column-wrapper lazyload fusion-column-has-shadow fusion-flex-justify-content-flex-start fusion-content-layout-row fusion-empty-column-bg-image fusion-column-has-bg-image\" data-bg-url=\"https:\/\/www.innio.biz\/wp-content\/uploads\/2024\/10\/innio.biz-1.jpg\" data-bg=\"https:\/\/www.innio.biz\/wp-content\/uploads\/2024\/10\/innio.biz-1.jpg\"><img decoding=\"async\" class=\"fusion-empty-dims-img-placeholder\" aria-label=\"innio-formacion-mentoria-2\" src=\"data:image\/svg+xml,%3Csvg%20xmlns%3D%27http%3A%2F%2Fwww.w3.org%2F2000%2Fsvg%27%20width%3D%27800%27%20height%3D%27800%27%20viewBox%3D%270%200%20800%20800%27%3E%3Crect%20width%3D%27800%27%20height%3D%27800%27%20fill-opacity%3D%220%22%2F%3E%3C%2Fsvg%3E\"><\/div><\/div><div class=\"fusion-layout-column fusion_builder_column fusion-builder-column-8 fusion_builder_column_3_5 3_5 fusion-flex-column\" style=\"--awb-padding-top:5%;--awb-padding-right:10%;--awb-padding-bottom:5%;--awb-padding-left:10%;--awb-bg-size:cover;--awb-width-large:60%;--awb-margin-top-large:0px;--awb-spacing-right-large:3.2%;--awb-margin-bottom-large:20px;--awb-spacing-left-large:3.2%;--awb-width-medium:60%;--awb-order-medium:0;--awb-spacing-right-medium:3.2%;--awb-spacing-left-medium:3.2%;--awb-width-small:100%;--awb-order-small:0;--awb-spacing-right-small:1.92%;--awb-spacing-left-small:1.92%;\"><div class=\"fusion-column-wrapper fusion-column-has-shadow fusion-flex-justify-content-flex-start fusion-content-layout-column\"><div class=\"fusion-title title fusion-title-5 fusion-sep-none fusion-title-text fusion-title-size-four\" style=\"--awb-text-color:#ffffff;--awb-margin-top-small:10px;--awb-margin-right-small:0px;--awb-margin-bottom-small:10px;--awb-margin-left-small:0px;\"><h4 class=\"fusion-title-heading title-heading-left\" style=\"margin:0;\">Confia en la formaci\u00f3 i el mentoring que et podem oferir des d\u2019Innio<\/h4><\/div><div class=\"fusion-text fusion-text-5\" style=\"--awb-text-color:#ffffff;\"><p>Ens encanta ajudar les empreses a aconseguir els seus objectius i metes. Si confies en nosaltres, treballarem bra\u00e7 a bra\u00e7 com si f\u00f3ssim una pe\u00e7a m\u00e9s del teu equip. Prepararem els programes formatius a mida que necessites i t\u2019acompanyarem en las facsinant aventura d\u2019impulsar la teva empresa o el teu projecte cap endavant.<\/p>\n<\/div><div ><a class=\"fusion-button button-flat fusion-button-default-size button-custom fusion-button-default button-2 fusion-button-default-span fusion-button-default-type fusion-has-button-gradient\" style=\"--button_accent_color:var(--awb-color1);--button_accent_hover_color:var(--awb-color1);--button_border_hover_color:var(--awb-color1);--button-border-radius-top-left:25px;--button-border-radius-top-right:25px;--button-border-radius-bottom-right:25px;--button-border-radius-bottom-left:25px;--button_gradient_top_color:#19334f;--button_gradient_bottom_color:#19334f;--button_gradient_top_color_hover:#19334f;--button_gradient_bottom_color_hover:var(--awb-color5);\" target=\"_self\" href=\"https:\/\/www.innio.biz\/ca\/contacte\/\"><span class=\"fusion-button-text awb-button__text awb-button__text--default\">Qu\u00e8 necessita la teva empresa?<\/span><\/a><\/div><\/div><\/div><\/div><\/div><\/p>\n","protected":false},"excerpt":{"rendered":"","protected":false},"author":1,"featured_media":0,"parent":0,"menu_order":0,"comment_status":"closed","ping_status":"closed","template":"100-width.php","meta":{"footnotes":""},"class_list":["post-317","page","type-page","status-publish","hentry"],"_links":{"self":[{"href":"https:\/\/www.innio.biz\/ca\/wp-json\/wp\/v2\/pages\/317","targetHints":{"allow":["GET"]}}],"collection":[{"href":"https:\/\/www.innio.biz\/ca\/wp-json\/wp\/v2\/pages"}],"about":[{"href":"https:\/\/www.innio.biz\/ca\/wp-json\/wp\/v2\/types\/page"}],"author":[{"embeddable":true,"href":"https:\/\/www.innio.biz\/ca\/wp-json\/wp\/v2\/users\/1"}],"replies":[{"embeddable":true,"href":"https:\/\/www.innio.biz\/ca\/wp-json\/wp\/v2\/comments?post=317"}],"version-history":[{"count":6,"href":"https:\/\/www.innio.biz\/ca\/wp-json\/wp\/v2\/pages\/317\/revisions"}],"predecessor-version":[{"id":396,"href":"https:\/\/www.innio.biz\/ca\/wp-json\/wp\/v2\/pages\/317\/revisions\/396"}],"wp:attachment":[{"href":"https:\/\/www.innio.biz\/ca\/wp-json\/wp\/v2\/media?parent=317"}],"curies":[{"name":"wp","href":"https:\/\/api.w.org\/{rel}","templated":true}]}}