{"id":422,"date":"2024-10-15T12:54:23","date_gmt":"2024-10-15T12:54:23","guid":{"rendered":"http:\/\/www.innio.biz\/mejora-de-negocio\/"},"modified":"2024-10-21T13:12:39","modified_gmt":"2024-10-21T13:12:39","slug":"millora-de-negoci","status":"publish","type":"page","link":"https:\/\/www.innio.biz\/ca\/millora-de-negoci\/","title":{"rendered":"Millora de negoci"},"content":{"rendered":"<p><div class=\"fusion-fullwidth fullwidth-box fusion-builder-row-1 fusion-flex-container has-pattern-background has-mask-background nonhundred-percent-fullwidth non-hundred-percent-height-scrolling\" style=\"--awb-border-radius-top-left:0px;--awb-border-radius-top-right:0px;--awb-border-radius-bottom-right:0px;--awb-border-radius-bottom-left:0px;--awb-padding-top:2%;--awb-padding-bottom:2%;--awb-flex-wrap:wrap;\" ><div class=\"fusion-builder-row fusion-row fusion-flex-align-items-center fusion-flex-content-wrap\" style=\"max-width:1248px;margin-left: calc(-4% \/ 2 );margin-right: calc(-4% \/ 2 );\"><div class=\"fusion-layout-column fusion_builder_column fusion-builder-column-0 fusion_builder_column_1_2 1_2 fusion-flex-column\" style=\"--awb-bg-size:cover;--awb-width-large:50%;--awb-margin-top-large:0px;--awb-spacing-right-large:3.84%;--awb-margin-bottom-large:20px;--awb-spacing-left-large:3.84%;--awb-width-medium:50%;--awb-order-medium:0;--awb-spacing-right-medium:3.84%;--awb-spacing-left-medium:3.84%;--awb-width-small:100%;--awb-order-small:0;--awb-spacing-right-small:1.92%;--awb-spacing-left-small:1.92%;\"><div class=\"fusion-column-wrapper fusion-column-has-shadow fusion-flex-justify-content-flex-start fusion-content-layout-column\"><div class=\"fusion-image-element \" style=\"--awb-aspect-ratio:1 \/ 1;--awb-caption-title-font-family:var(--h2_typography-font-family);--awb-caption-title-font-weight:var(--h2_typography-font-weight);--awb-caption-title-font-style:var(--h2_typography-font-style);--awb-caption-title-size:var(--h2_typography-font-size);--awb-caption-title-transform:var(--h2_typography-text-transform);--awb-caption-title-line-height:var(--h2_typography-line-height);--awb-caption-title-letter-spacing:var(--h2_typography-letter-spacing);\"><span class=\" fusion-imageframe imageframe-none imageframe-1 hover-type-none has-aspect-ratio\"><img decoding=\"async\" width=\"1500\" height=\"1000\" title=\"innio-formacion-mentoria-0\" src=\"https:\/\/www.innio.biz\/wp-content\/uploads\/2024\/10\/innio-formacion-mentoria-0.jpg\" data-orig-src=\"https:\/\/www.innio.biz\/wp-content\/uploads\/2024\/10\/innio-formacion-mentoria-0.jpg\" class=\"lazyload img-responsive wp-image-416 img-with-aspect-ratio\" data-parent-fit=\"cover\" data-parent-container=\".fusion-image-element\" alt srcset=\"data:image\/svg+xml,%3Csvg%20xmlns%3D%27http%3A%2F%2Fwww.w3.org%2F2000%2Fsvg%27%20width%3D%271500%27%20height%3D%271000%27%20viewBox%3D%270%200%201500%201000%27%3E%3Crect%20width%3D%271500%27%20height%3D%271000%27%20fill-opacity%3D%220%22%2F%3E%3C%2Fsvg%3E\" data-srcset=\"https:\/\/www.innio.biz\/wp-content\/uploads\/2024\/10\/innio-formacion-mentoria-0-200x133.jpg 200w, https:\/\/www.innio.biz\/wp-content\/uploads\/2024\/10\/innio-formacion-mentoria-0-400x267.jpg 400w, https:\/\/www.innio.biz\/wp-content\/uploads\/2024\/10\/innio-formacion-mentoria-0-600x400.jpg 600w, https:\/\/www.innio.biz\/wp-content\/uploads\/2024\/10\/innio-formacion-mentoria-0-800x533.jpg 800w, https:\/\/www.innio.biz\/wp-content\/uploads\/2024\/10\/innio-formacion-mentoria-0-1200x800.jpg 1200w, https:\/\/www.innio.biz\/wp-content\/uploads\/2024\/10\/innio-formacion-mentoria-0.jpg 1500w\" data-sizes=\"auto\" data-orig-sizes=\"(max-width: 640px) 100vw, 600px\" \/><\/span><\/div><\/div><\/div><div class=\"fusion-layout-column fusion_builder_column fusion-builder-column-1 fusion_builder_column_1_2 1_2 fusion-flex-column\" style=\"--awb-bg-size:cover;--awb-width-large:50%;--awb-margin-top-large:0px;--awb-spacing-right-large:3.84%;--awb-margin-bottom-large:20px;--awb-spacing-left-large:3.84%;--awb-width-medium:50%;--awb-order-medium:0;--awb-spacing-right-medium:3.84%;--awb-spacing-left-medium:3.84%;--awb-width-small:100%;--awb-order-small:0;--awb-spacing-right-small:1.92%;--awb-spacing-left-small:1.92%;\"><div class=\"fusion-column-wrapper fusion-column-has-shadow fusion-flex-justify-content-flex-start fusion-content-layout-column\"><div class=\"fusion-title title fusion-title-1 fusion-sep-none fusion-title-text fusion-title-size-two\" style=\"--awb-margin-top-small:10px;--awb-margin-right-small:0px;--awb-margin-bottom-small:10px;--awb-margin-left-small:0px;\"><h2 class=\"fusion-title-heading title-heading-left\" style=\"margin:0;\">No existeix millora de negoci sense millora dels processos<\/h2><\/div><div class=\"fusion-text fusion-text-1\"><p>A la vida i a la traject\u00f2ria de qualsevol negoci o empresa, sempre hi ha moments en qu\u00e8 es necessita millorar: els n\u00fameros, els leads aconseguits, el temps que invertim en dur a terme certes tasques, els resultats, el comprom\u00eds de l\u2019equip amb el projecte\u2026 La millora sempre est\u00e0 present en totes les empreses i en funci\u00f3 de les circumst\u00e0ncies o de l\u2019etapa empresarials en qu\u00e8 es troba el projecte, caldr\u00e0 millorar unes coses o unes altres. En qualsevol cas, qualsevol millora del negoci passa per millorar els processos. <\/p>\n<p>T\u2019ho demostrarem: millorar els n\u00fameros aconseguits passa per millorar els processos de comercialitzaci\u00f3 i venda; millorar els leads aconseguits implica millorar els processos de captaci\u00f3 de leads; millorar el temps que s\u2019inverteix en realitzar quelcom necessita millorar el proc\u00e9s de producci\u00f3 i millorar el comprom\u00eds dels treballadors passa per millorar el proc\u00e9s d\u2019interacci\u00f3 entre l\u2019empresa i els treballadors. D\u2019aquests exemples se\u2019n despr\u00e8n que els processos s\u00f3n una part fonamental en qualsevol empresa i de la seva correcta definici\u00f3 i mesura en dep\u00e8n que puguem millorar o que ens quedem enquistats en les nostres defici\u00e8ncies.<\/p>\n<\/div><\/div><\/div><\/div><\/div><div class=\"fusion-fullwidth fullwidth-box fusion-builder-row-2 fusion-flex-container has-pattern-background has-mask-background nonhundred-percent-fullwidth non-hundred-percent-height-scrolling\" style=\"--awb-border-radius-top-left:0px;--awb-border-radius-top-right:0px;--awb-border-radius-bottom-right:0px;--awb-border-radius-bottom-left:0px;--awb-padding-top:2%;--awb-padding-bottom:2%;--awb-background-color:rgba(25,51,79,0.1);--awb-flex-wrap:wrap;\" ><div class=\"fusion-builder-row fusion-row fusion-flex-align-items-flex-start fusion-flex-content-wrap\" style=\"max-width:1248px;margin-left: calc(-4% \/ 2 );margin-right: calc(-4% \/ 2 );\"><div class=\"fusion-layout-column fusion_builder_column fusion-builder-column-2 fusion_builder_column_2_5 2_5 fusion-flex-column\" style=\"--awb-bg-size:cover;--awb-width-large:40%;--awb-margin-top-large:0px;--awb-spacing-right-large:4.8%;--awb-margin-bottom-large:20px;--awb-spacing-left-large:4.8%;--awb-width-medium:40%;--awb-order-medium:0;--awb-spacing-right-medium:4.8%;--awb-spacing-left-medium:4.8%;--awb-width-small:100%;--awb-order-small:0;--awb-spacing-right-small:1.92%;--awb-spacing-left-small:1.92%;\"><div class=\"fusion-column-wrapper fusion-column-has-shadow fusion-flex-justify-content-flex-start fusion-content-layout-column\"><div class=\"fusion-title title fusion-title-2 fusion-sep-none fusion-title-text fusion-title-size-three\" style=\"--awb-text-color:var(--awb-color8);--awb-margin-top-small:10px;--awb-margin-right-small:0px;--awb-margin-bottom-small:10px;--awb-margin-left-small:0px;\"><h3 class=\"fusion-title-heading title-heading-left\" style=\"margin:0;\">L\u2019entorn canviant exigeix una millora de negoci permanent<\/h3><\/div><div ><a class=\"fusion-button button-flat fusion-button-default-size button-default fusion-button-default button-1 fusion-button-default-span fusion-button-default-type\" style=\"--button-border-radius-top-left:25px;--button-border-radius-top-right:25px;--button-border-radius-bottom-right:25px;--button-border-radius-bottom-left:25px;\" target=\"_self\" href=\"https:\/\/www.innio.biz\/ca\/contacte\/\"><span class=\"fusion-button-text awb-button__text awb-button__text--default\">Empieza hoy tu formaci\u00f3n<\/span><\/a><\/div><\/div><\/div><div class=\"fusion-layout-column fusion_builder_column fusion-builder-column-3 fusion_builder_column_3_5 3_5 fusion-flex-column\" style=\"--awb-bg-size:cover;--awb-width-large:60%;--awb-margin-top-large:0px;--awb-spacing-right-large:3.2%;--awb-margin-bottom-large:20px;--awb-spacing-left-large:3.2%;--awb-width-medium:60%;--awb-order-medium:0;--awb-spacing-right-medium:3.2%;--awb-spacing-left-medium:3.2%;--awb-width-small:100%;--awb-order-small:0;--awb-spacing-right-small:1.92%;--awb-spacing-left-small:1.92%;\"><div class=\"fusion-column-wrapper fusion-column-has-shadow fusion-flex-justify-content-flex-start fusion-content-layout-column\"><div class=\"fusion-text fusion-text-2\"><p>Que vivim en un entorn competitiu i que canvia a gran velocitat no \u00e9s cap secret. Per aquest motiu, les empreses i els emprenedors han d\u2019estar permanentment atents al canvi per poder adaptar les seves empreses, els seus processos de venda i els seus productes o serveis a les necessitats existents a cada moment. No sempre \u00e9s f\u00e0cil detectar qu\u00e8 cal canviar i en cas d\u2019identificar-ho, pot resultar complicat saber com s\u2019ha de fer. <\/p>\n<p>A Innio ens dediquem precisament a aix\u00f2: a identificar les oportunitats de millora existents i a ensenyar-te com aprofitar-les a partir de la millora de processos interns. Si no canvies internament all\u00f2 que fas i com ho fas, dif\u00edcilment estar\u00e0s a l\u2019al\u00e7ada de les expectatives que els teus clients han depositat en tu i tampoc aconseguir\u00e0s els resultats que esperes.<\/p>\n<\/div><\/div><\/div><\/div><\/div><div class=\"fusion-fullwidth fullwidth-box fusion-builder-row-3 fusion-flex-container has-pattern-background has-mask-background nonhundred-percent-fullwidth non-hundred-percent-height-scrolling\" style=\"--awb-border-radius-top-left:0px;--awb-border-radius-top-right:0px;--awb-border-radius-bottom-right:0px;--awb-border-radius-bottom-left:0px;--awb-padding-top:2%;--awb-padding-bottom:2%;--awb-flex-wrap:wrap;\" ><div class=\"fusion-builder-row fusion-row fusion-flex-align-items-flex-start fusion-flex-content-wrap\" style=\"max-width:1248px;margin-left: calc(-4% \/ 2 );margin-right: calc(-4% \/ 2 );\"><div class=\"fusion-layout-column fusion_builder_column fusion-builder-column-4 fusion_builder_column_3_5 3_5 fusion-flex-column\" style=\"--awb-padding-top:10%;--awb-padding-right:10%;--awb-padding-bottom:10%;--awb-bg-size:cover;--awb-width-large:60%;--awb-margin-top-large:0px;--awb-spacing-right-large:3.2%;--awb-margin-bottom-large:20px;--awb-spacing-left-large:3.2%;--awb-width-medium:60%;--awb-order-medium:0;--awb-spacing-right-medium:3.2%;--awb-spacing-left-medium:3.2%;--awb-width-small:100%;--awb-order-small:0;--awb-spacing-right-small:1.92%;--awb-spacing-left-small:1.92%;\"><div class=\"fusion-column-wrapper fusion-column-has-shadow fusion-flex-justify-content-flex-start fusion-content-layout-column\"><div class=\"fusion-title title fusion-title-3 fusion-sep-none fusion-title-text fusion-title-size-three\" style=\"--awb-text-color:var(--awb-color5);--awb-margin-top-small:10px;--awb-margin-right-small:0px;--awb-margin-bottom-small:10px;--awb-margin-left-small:0px;\"><h3 class=\"fusion-title-heading title-heading-left\" style=\"margin:0;\">La millora de processos \u00e9s un repte per a les empreses m\u00e9s tradicionals<\/h3><\/div><div class=\"fusion-text fusion-text-3\"><p><span style=\"font-weight: 400;\">\u00c9s cert que les empreses de nova creaci\u00f3 estan m\u00e9s acostumades als canvis i a la millora continua que les empreses tradicionals de tota la vida. Per a aquestes empreses d\u2019estructura m\u00e9s tradicional, sol ser un repte enorme aconseguir modelar, canviar o adaptar els processos interns. Sovint, ens diuen \u201cque sempre ho han fet aix\u00ed i els ha funcionat fins ara\u201d. Si aquestes paraules et resulten familiars, t\u2019animem a que contactis amb Innio i t\u2019acompanyarem en aquest proc\u00e9s de transformaci\u00f3. Veur\u00e0s com la millora dels processos interns es converteix en una millora dels resultats en un per\u00edode de temps breu.<\/span><\/p>\n<\/div><\/div><\/div><div class=\"fusion-layout-column fusion_builder_column fusion-builder-column-5 fusion_builder_column_2_5 2_5 fusion-flex-column fusion-flex-align-self-stretch\" style=\"--awb-bg-size:cover;--awb-width-large:40%;--awb-margin-top-large:0px;--awb-spacing-right-large:4.8%;--awb-margin-bottom-large:20px;--awb-spacing-left-large:4.8%;--awb-width-medium:40%;--awb-order-medium:0;--awb-spacing-right-medium:4.8%;--awb-spacing-left-medium:4.8%;--awb-width-small:100%;--awb-order-small:0;--awb-spacing-right-small:1.92%;--awb-spacing-left-small:1.92%;\"><div class=\"fusion-column-wrapper lazyload fusion-column-has-shadow fusion-flex-justify-content-flex-start fusion-content-layout-column fusion-empty-column-bg-image fusion-column-has-bg-image\" data-bg-url=\"https:\/\/www.innio.biz\/wp-content\/uploads\/2024\/10\/innio-formacion-mentoria-1.jpg\" data-bg=\"https:\/\/www.innio.biz\/wp-content\/uploads\/2024\/10\/innio-formacion-mentoria-1.jpg\"><img decoding=\"async\" class=\"fusion-empty-dims-img-placeholder\" aria-label=\"innio-formacion-mentoria-1\" src=\"data:image\/svg+xml,%3Csvg%20xmlns%3D%27http%3A%2F%2Fwww.w3.org%2F2000%2Fsvg%27%20width%3D%271500%27%20height%3D%271000%27%20viewBox%3D%270%200%201500%201000%27%3E%3Crect%20width%3D%271500%27%20height%3D%271000%27%20fill-opacity%3D%220%22%2F%3E%3C%2Fsvg%3E\"><\/div><\/div><\/div><\/div><div class=\"fusion-fullwidth fullwidth-box fusion-builder-row-4 fusion-flex-container has-pattern-background has-mask-background nonhundred-percent-fullwidth non-hundred-percent-height-scrolling\" style=\"--awb-border-radius-top-left:0px;--awb-border-radius-top-right:0px;--awb-border-radius-bottom-right:0px;--awb-border-radius-bottom-left:0px;--awb-padding-top:2%;--awb-padding-bottom:2%;--awb-background-color:rgba(101,184,145,0.1);--awb-flex-wrap:wrap;\" ><div class=\"fusion-builder-row fusion-row fusion-flex-align-items-flex-start fusion-flex-content-wrap\" style=\"max-width:1248px;margin-left: calc(-4% \/ 2 );margin-right: calc(-4% \/ 2 );\"><div class=\"fusion-layout-column fusion_builder_column fusion-builder-column-6 fusion_builder_column_1_1 1_1 fusion-flex-column\" style=\"--awb-bg-size:cover;--awb-width-large:100%;--awb-margin-top-large:0px;--awb-spacing-right-large:1.92%;--awb-margin-bottom-large:20px;--awb-spacing-left-large:1.92%;--awb-width-medium:100%;--awb-order-medium:0;--awb-spacing-right-medium:1.92%;--awb-spacing-left-medium:1.92%;--awb-width-small:100%;--awb-order-small:0;--awb-spacing-right-small:1.92%;--awb-spacing-left-small:1.92%;\"><div class=\"fusion-column-wrapper fusion-column-has-shadow fusion-flex-justify-content-flex-start fusion-content-layout-column\"><div class=\"fusion-title title fusion-title-4 fusion-sep-none fusion-title-text fusion-title-size-three\" style=\"--awb-text-color:var(--awb-color5);--awb-margin-right:50%;--awb-margin-top-small:10px;--awb-margin-right-small:0px;--awb-margin-bottom-small:10px;--awb-margin-left-small:0px;\"><h3 class=\"fusion-title-heading title-heading-left\" style=\"margin:0;\">A quina mena de millores ens referim quan parlem de millores de processos?<\/h3><\/div><div class=\"fusion-text fusion-text-4\"><p>A Innio entenem la millora de processos com l\u2019optimitzaci\u00f3 de l\u2019efectivitat i l\u2019efici\u00e8ncia de tots els processos que tenen lloc de manera interna en una empresa. Per optimitzar-los \u00e9s essencial comptar amb xifres que ens permetin analitzar objectivament si els resultats de cada un dels processos s\u00f3n bons. Si no tenim aquestes xifres que ens permeten mesurar l\u2019efic\u00e0cia i l\u2019efici\u00e8ncia, no podrem proposar accions de millora. Aquestes xifres s\u2019obtenen gr\u00e0cies als mecanismes de control.<\/p>\n<\/div><div class=\"fusion-text fusion-text-5\"><p>La millora de processos interns que treballem a Innio consisteix en:<\/p>\n<\/div><ul style=\"--awb-textcolor:var(--awb-color6);--awb-line-height:27.2px;--awb-icon-width:27.2px;--awb-icon-height:27.2px;--awb-icon-margin:11.2px;--awb-content-margin:38.4px;--awb-circlecolor:var(--awb-color5);--awb-circle-yes-font-size:14.08px;\" class=\"fusion-checklist fusion-checklist-1 fusion-checklist-default type-icons\"><li class=\"fusion-li-item\" style=\"\"><span class=\"icon-wrapper circle-yes\"><i class=\"fusion-li-icon awb-icon-check\" aria-hidden=\"true\"><\/i><\/span><div class=\"fusion-li-item-content\">Establiment d\u2019objectius peri\u00f2dics per saber en tot moment cap a on volem dirigir l\u2019empresa.<\/div><\/li><li class=\"fusion-li-item\" style=\"\"><span class=\"icon-wrapper circle-yes\"><i class=\"fusion-li-icon awb-icon-check\" aria-hidden=\"true\"><\/i><\/span><div class=\"fusion-li-item-content\">Establiment de mecanismes de mesura i control que ens permetin saber amb exactitud qu\u00e8 estem aconseguint, amb quin esfor\u00e7 i quins recursos.<\/div><\/li><li class=\"fusion-li-item\" style=\"\"><span class=\"icon-wrapper circle-yes\"><i class=\"fusion-li-icon awb-icon-check\" aria-hidden=\"true\"><\/i><\/span><div class=\"fusion-li-item-content\">Verificaci\u00f3 dels resultats obtinguts. Si els resultats no ens acosten als nostres objectius, hem de replantejar-nos el proc\u00e9s per aconseguir les millores necess\u00e0ries.<\/div><\/li><li class=\"fusion-li-item\" style=\"\"><span class=\"icon-wrapper circle-yes\"><i class=\"fusion-li-icon awb-icon-check\" aria-hidden=\"true\"><\/i><\/span><div class=\"fusion-li-item-content\">Aplicaci\u00f3 de mesures correctives per aconseguir reduir a la m\u00ednima expressi\u00f3 les disfuncions existents que ens impedeixen ser tan efectius com podr\u00edem arribar a ser.<\/div><\/li><li class=\"fusion-li-item\" style=\"\"><span class=\"icon-wrapper circle-yes\"><i class=\"fusion-li-icon awb-icon-check\" aria-hidden=\"true\"><\/i><\/span><div class=\"fusion-li-item-content\">Aconseguir que l\u2019equip se senti plenament identificat amb el projecte i que estigui motivat a aportar el seu granet de sorra a aconseguir els objectius empresarials.<\/div><\/li><\/ul><\/div><\/div><\/div><\/div><div class=\"fusion-fullwidth fullwidth-box fusion-builder-row-5 fusion-flex-container has-pattern-background has-mask-background hundred-percent-fullwidth non-hundred-percent-height-scrolling\" style=\"--awb-border-radius-top-left:0px;--awb-border-radius-top-right:0px;--awb-border-radius-bottom-right:0px;--awb-border-radius-bottom-left:0px;--awb-padding-top:3%;--awb-padding-bottom:3%;--awb-background-color:var(--awb-color8);--awb-flex-wrap:wrap;\" ><div class=\"fusion-builder-row fusion-row fusion-flex-align-items-center fusion-flex-content-wrap\" style=\"width:104% !important;max-width:104% !important;margin-left: calc(-4% \/ 2 );margin-right: calc(-4% \/ 2 );\"><div class=\"fusion-layout-column fusion_builder_column fusion-builder-column-7 fusion_builder_column_2_5 2_5 fusion-flex-column\" style=\"--awb-bg-size:cover;--awb-width-large:40%;--awb-margin-top-large:0px;--awb-spacing-right-large:4.8%;--awb-margin-bottom-large:0px;--awb-spacing-left-large:4.8%;--awb-width-medium:40%;--awb-order-medium:0;--awb-spacing-right-medium:4.8%;--awb-spacing-left-medium:4.8%;--awb-width-small:100%;--awb-order-small:0;--awb-spacing-right-small:1.92%;--awb-spacing-left-small:1.92%;\"><div class=\"fusion-column-wrapper fusion-column-has-shadow fusion-flex-justify-content-flex-start fusion-content-layout-column\"><div class=\"fusion-image-element \" style=\"--awb-aspect-ratio:2 \/ 1;--awb-caption-title-font-family:var(--h2_typography-font-family);--awb-caption-title-font-weight:var(--h2_typography-font-weight);--awb-caption-title-font-style:var(--h2_typography-font-style);--awb-caption-title-size:var(--h2_typography-font-size);--awb-caption-title-transform:var(--h2_typography-text-transform);--awb-caption-title-line-height:var(--h2_typography-line-height);--awb-caption-title-letter-spacing:var(--h2_typography-letter-spacing);\"><span class=\" fusion-imageframe imageframe-none imageframe-2 hover-type-none has-aspect-ratio\"><img decoding=\"async\" width=\"1500\" height=\"1000\" title=\"innio-formacion-mentoria-2 (1)\" src=\"https:\/\/www.innio.biz\/wp-content\/uploads\/2024\/10\/innio-formacion-mentoria-2-1.jpg\" data-orig-src=\"https:\/\/www.innio.biz\/wp-content\/uploads\/2024\/10\/innio-formacion-mentoria-2-1.jpg\" class=\"lazyload img-responsive wp-image-414 img-with-aspect-ratio\" data-parent-fit=\"cover\" data-parent-container=\".fusion-image-element\" alt srcset=\"data:image\/svg+xml,%3Csvg%20xmlns%3D%27http%3A%2F%2Fwww.w3.org%2F2000%2Fsvg%27%20width%3D%271500%27%20height%3D%271000%27%20viewBox%3D%270%200%201500%201000%27%3E%3Crect%20width%3D%271500%27%20height%3D%271000%27%20fill-opacity%3D%220%22%2F%3E%3C%2Fsvg%3E\" data-srcset=\"https:\/\/www.innio.biz\/wp-content\/uploads\/2024\/10\/innio-formacion-mentoria-2-1-200x133.jpg 200w, https:\/\/www.innio.biz\/wp-content\/uploads\/2024\/10\/innio-formacion-mentoria-2-1-400x267.jpg 400w, https:\/\/www.innio.biz\/wp-content\/uploads\/2024\/10\/innio-formacion-mentoria-2-1-600x400.jpg 600w, https:\/\/www.innio.biz\/wp-content\/uploads\/2024\/10\/innio-formacion-mentoria-2-1-800x533.jpg 800w, https:\/\/www.innio.biz\/wp-content\/uploads\/2024\/10\/innio-formacion-mentoria-2-1-1200x800.jpg 1200w, https:\/\/www.innio.biz\/wp-content\/uploads\/2024\/10\/innio-formacion-mentoria-2-1.jpg 1500w\" data-sizes=\"auto\" data-orig-sizes=\"(max-width: 640px) 100vw, 600px\" \/><\/span><\/div><\/div><\/div><div class=\"fusion-layout-column fusion_builder_column fusion-builder-column-8 fusion_builder_column_3_5 3_5 fusion-flex-column\" style=\"--awb-padding-top:3%;--awb-padding-right:10%;--awb-padding-bottom:3%;--awb-padding-left:10%;--awb-bg-size:cover;--awb-width-large:60%;--awb-margin-top-large:0px;--awb-spacing-right-large:3.2%;--awb-margin-bottom-large:0px;--awb-spacing-left-large:3.2%;--awb-width-medium:60%;--awb-order-medium:0;--awb-spacing-right-medium:3.2%;--awb-spacing-left-medium:3.2%;--awb-width-small:100%;--awb-order-small:0;--awb-spacing-right-small:1.92%;--awb-spacing-left-small:1.92%;\"><div class=\"fusion-column-wrapper fusion-column-has-shadow fusion-flex-justify-content-flex-start fusion-content-layout-column\"><div class=\"fusion-text fusion-text-6\" style=\"--awb-text-color:#ffffff;\"><p>Si vols que des d\u2019Innio et donem un cop de m\u00e0 per aconseguir la millora del teu negoci, nom\u00e9s has de contactar amb nosaltres. Est\u00e0s molt a prop d\u2019aconseguir aquest canvi que et permetr\u00e0 assolir les teves metes.<\/p>\n<\/div><div ><a class=\"fusion-button button-flat fusion-button-default-size button-custom fusion-button-default button-2 fusion-button-default-span fusion-button-default-type fusion-has-button-gradient\" style=\"--button_accent_color:var(--awb-color1);--button_accent_hover_color:var(--awb-color1);--button_border_hover_color:var(--awb-color1);--button-border-radius-top-left:25px;--button-border-radius-top-right:25px;--button-border-radius-bottom-right:25px;--button-border-radius-bottom-left:25px;--button_gradient_top_color:#19334f;--button_gradient_bottom_color:#19334f;--button_gradient_top_color_hover:#19334f;--button_gradient_bottom_color_hover:var(--awb-color5);\" target=\"_self\" href=\"https:\/\/www.innio.biz\/ca\/contacte\/\"><span class=\"fusion-button-text awb-button__text awb-button__text--default\">Incrementa les vendes i la comunitat amb l&#x27;ajuda d&#x27;Inni<\/span><\/a><\/div><\/div><\/div><\/div><\/div><\/p>\n","protected":false},"excerpt":{"rendered":"","protected":false},"author":1,"featured_media":0,"parent":0,"menu_order":0,"comment_status":"closed","ping_status":"closed","template":"100-width.php","meta":{"footnotes":""},"class_list":["post-422","page","type-page","status-publish","hentry"],"_links":{"self":[{"href":"https:\/\/www.innio.biz\/ca\/wp-json\/wp\/v2\/pages\/422","targetHints":{"allow":["GET"]}}],"collection":[{"href":"https:\/\/www.innio.biz\/ca\/wp-json\/wp\/v2\/pages"}],"about":[{"href":"https:\/\/www.innio.biz\/ca\/wp-json\/wp\/v2\/types\/page"}],"author":[{"embeddable":true,"href":"https:\/\/www.innio.biz\/ca\/wp-json\/wp\/v2\/users\/1"}],"replies":[{"embeddable":true,"href":"https:\/\/www.innio.biz\/ca\/wp-json\/wp\/v2\/comments?post=422"}],"version-history":[{"count":2,"href":"https:\/\/www.innio.biz\/ca\/wp-json\/wp\/v2\/pages\/422\/revisions"}],"predecessor-version":[{"id":445,"href":"https:\/\/www.innio.biz\/ca\/wp-json\/wp\/v2\/pages\/422\/revisions\/445"}],"wp:attachment":[{"href":"https:\/\/www.innio.biz\/ca\/wp-json\/wp\/v2\/media?parent=422"}],"curies":[{"name":"wp","href":"https:\/\/api.w.org\/{rel}","templated":true}]}}